{"id":1031,"date":"2021-05-31T20:29:43","date_gmt":"2021-05-31T20:29:43","guid":{"rendered":"http:\/\/www.klaskece.com\/en\/?page_id=1031"},"modified":"2025-12-11T07:40:49","modified_gmt":"2025-12-11T07:40:49","slug":"about-us","status":"publish","type":"page","link":"https:\/\/www.klaskece.com\/en\/about-us\/","title":{"rendered":"about us"},"content":{"rendered":"<p>[vc_row full_width=&#8221;stretch_row&#8221;][vc_column][vc_single_image image=&#8221;1107&#8243; img_size=&#8221;full&#8221; alignment=&#8221;center&#8221;][\/vc_column][\/vc_row][vc_row][vc_column][vc_tta_tour style=&#8221;modern&#8221; active_section=&#8221;1&#8243;][vc_tta_section title=&#8221;About Us&#8221; tab_id=&#8221;1622511537948-e65d8d95-3891&#8243;][vc_column_text]<\/p>\n<p style=\"text-align: justify;\"><span dir=\"auto\" style=\"vertical-align: inherit;\"><span dir=\"auto\" style=\"vertical-align: inherit;\">Geri d\u00f6n\u00fc\u015f\u00fcm\u00fcn neredeyse her alanda bir zorunluluktan ziyade bir sorumluluk haline geldi\u011fi \u00e7a\u011f\u0131m\u0131zda, Klas Ke\u00e7e geride kalmak yerine zaman\u0131n \u00f6tesine ge\u00e7meyi hedefliyor.<\/span><\/span><\/p>\n<p style=\"text-align: justify;\"><span dir=\"auto\" style=\"vertical-align: inherit;\"><span dir=\"auto\" style=\"vertical-align: inherit;\">\u00c7evre bilincini her zaman \u00f6nceliklendiren misyonu, y\u00fcksek nitelikleri ve &#8220;Ko\u015fulsuz M\u00fc\u015fteri Memnuniyeti&#8221; odakl\u0131 hizmet anlay\u0131\u015f\u0131yla <\/span><\/span><br \/>\n<span dir=\"auto\" style=\"vertical-align: inherit;\"><span dir=\"auto\" style=\"vertical-align: inherit;\">m\u00fc\u015fterilerine g\u00fcvenilir, kaliteli ve verimli \u00fcr\u00fcnler sunmaktad\u0131r.<\/span><\/span><\/p>\n<p style=\"text-align: justify;\"><span dir=\"auto\" style=\"vertical-align: inherit;\"><span dir=\"auto\" style=\"vertical-align: inherit;\">Esnek \u00fcretim yap\u0131s\u0131n\u0131 m\u00fc\u015fteri taleplerine uygun \u015fekilde etkin bir \u015fekilde y\u00f6nlendirebilen Klas Ke\u00e7e, ba\u015fta in\u015faat sekt\u00f6r\u00fc olmak \u00fczere ula\u015f\u0131m, otomotiv, beyaz e\u015fya ve hal\u0131 gibi bir\u00e7ok farkl\u0131 sekt\u00f6r\u00fcn dokuma olmayan ke\u00e7e ihtiyac\u0131n\u0131 kar\u015f\u0131lamaktad\u0131r.<\/span><\/span><\/p>\n<p style=\"text-align: justify;\"><span dir=\"auto\" style=\"vertical-align: inherit;\"><span dir=\"auto\" style=\"vertical-align: inherit;\">Kurulu\u015fundan bu yana \u00fcretim yelpazesini s\u00fcrekli geni\u015fleten, alan\u0131nda standartlar\u0131 belirleyen ve Ar-Ge deneyimiyle s\u00fcrekli ilerleme kaydeden k\u00fcresel bir oyuncu olmay\u0131 hedefleyen Klas Ke\u00e7e, <\/span><\/span><br \/>\n<span dir=\"auto\" style=\"vertical-align: inherit;\"><span dir=\"auto\" style=\"vertical-align: inherit;\">m\u00fc\u015fteri odakl\u0131 ve verimlilik merkezli bir kurumsal y\u00f6netim anlay\u0131\u015f\u0131n\u0131 benimsemektedir. Bu yakla\u015f\u0131mla, yat\u0131r\u0131mlar\u0131yla \u00fclke ekonomisine ve istihdama katk\u0131da bulunmay\u0131 ve 2026 y\u0131l\u0131nda sekt\u00f6r\u00fcnde ilk 4 \u00fcretici aras\u0131nda yer almay\u0131 ama\u00e7lamaktad\u0131r.<\/span><\/span><\/p>\n<p><span dir=\"auto\" style=\"vertical-align: inherit;\"><span dir=\"auto\" style=\"vertical-align: inherit;\">Class Felt; 35 y\u0131l\u0131 a\u015fk\u0131n tekstil deneyimimiz ve mevcut kurulu kapasitemizle, her y\u0131l hedeflerimizi ve kapasitemizi art\u0131rmaya devam ediyoruz; ayl\u0131k 3.000.000 m2 \u2013 1500 ton \u00fcretim kapasitesine sahibiz.<\/span><\/span><\/p>\n<p><img loading=\"lazy\" decoding=\"async\" class=\"size-medium wp-image-1092 alignright\" src=\"http:\/\/www.klaskece.com\/en\/wp-content\/uploads\/sites\/2\/2021\/05\/bg-imza-300x121.png\" alt=\"\" width=\"300\" height=\"121\" srcset=\"https:\/\/www.klaskece.com\/en\/wp-content\/uploads\/sites\/2\/2021\/05\/bg-imza-300x121.png 300w, https:\/\/www.klaskece.com\/en\/wp-content\/uploads\/sites\/2\/2021\/05\/bg-imza-24x10.png 24w, https:\/\/www.klaskece.com\/en\/wp-content\/uploads\/sites\/2\/2021\/05\/bg-imza-36x15.png 36w, https:\/\/www.klaskece.com\/en\/wp-content\/uploads\/sites\/2\/2021\/05\/bg-imza-48x19.png 48w, https:\/\/www.klaskece.com\/en\/wp-content\/uploads\/sites\/2\/2021\/05\/bg-imza.png 414w\" sizes=\"auto, (max-width: 300px) 100vw, 300px\" \/>[\/vc_column_text][\/vc_tta_section][vc_tta_section title=&#8221;Our Missions&#8221; tab_id=&#8221;1622511537958-5ca53f4a-f16d&#8221;][vc_column_text]<strong>Our Mission<\/strong><\/p>\n<p style=\"text-align: justify;\">To provide quality and economical products that are suitable for the needs of our customers with our competence that we develop day by day in our field of activity by keeping environmental awareness at the forefront.<\/p>\n<p>[\/vc_column_text][\/vc_tta_section][vc_tta_section title=&#8221;Our V\u0130sion&#8221; tab_id=&#8221;1622511567883-c064c3fc-f283&#8243;][vc_column_text]<\/p>\n<p style=\"text-align: justify;\"><strong>Our vision<\/strong><\/p>\n<p style=\"text-align: justify;\">To be a company that attaches importance to the environment and nature, always develops its products with the customer relations we create without compromising quality and reliability, and is a pioneer in its sector by making a difference.<\/p>\n<p>[\/vc_column_text][\/vc_tta_section][vc_tta_section title=&#8221;Our Values&#8221; tab_id=&#8221;1622511577548-13e7e28e-a731&#8243;][vc_column_text]-Respect for People and Environment<br \/>\n-Customer Focus<br \/>\n-Effectiveness and Efficiency<br \/>\n-Honesty and Reliability<br \/>\n-Consistency<br \/>\n-Simplicity<br \/>\n-Sincerity[\/vc_column_text][\/vc_tta_section][\/vc_tta_tour][\/vc_column][\/vc_row]<\/p>\n","protected":false},"excerpt":{"rendered":"<p>[vc_row full_width=&#8221;stretch_row&#8221;][vc_column][vc_single_image image=&#8221;1107&#8243; img_size=&#8221;full&#8221; alignment=&#8221;center&#8221;][\/vc_column][\/vc_row][vc_row][vc_column][vc_tta_tour style=&#8221;modern&#8221; active_section=&#8221;1&#8243;][vc_tta_section title=&#8221;About Us&#8221; tab_id=&#8221;1622511537948-e65d8d95-3891&#8243;][vc_column_text] Geri d\u00f6n\u00fc\u015f\u00fcm\u00fcn neredeyse her alanda bir zorunluluktan ziyade bir sorumluluk haline geldi\u011fi \u00e7a\u011f\u0131m\u0131zda, Klas Ke\u00e7e&#8230;<\/p>\n","protected":false},"author":1,"featured_media":0,"parent":0,"menu_order":0,"comment_status":"closed","ping_status":"closed","template":"","meta":{"footnotes":""},"class_list":["post-1031","page","type-page","status-publish","hentry"],"_links":{"self":[{"href":"https:\/\/www.klaskece.com\/en\/wp-json\/wp\/v2\/pages\/1031","targetHints":{"allow":["GET"]}}],"collection":[{"href":"https:\/\/www.klaskece.com\/en\/wp-json\/wp\/v2\/pages"}],"about":[{"href":"https:\/\/www.klaskece.com\/en\/wp-json\/wp\/v2\/types\/page"}],"author":[{"embeddable":true,"href":"https:\/\/www.klaskece.com\/en\/wp-json\/wp\/v2\/users\/1"}],"replies":[{"embeddable":true,"href":"https:\/\/www.klaskece.com\/en\/wp-json\/wp\/v2\/comments?post=1031"}],"version-history":[{"count":8,"href":"https:\/\/www.klaskece.com\/en\/wp-json\/wp\/v2\/pages\/1031\/revisions"}],"predecessor-version":[{"id":1264,"href":"https:\/\/www.klaskece.com\/en\/wp-json\/wp\/v2\/pages\/1031\/revisions\/1264"}],"wp:attachment":[{"href":"https:\/\/www.klaskece.com\/en\/wp-json\/wp\/v2\/media?parent=1031"}],"curies":[{"name":"wp","href":"https:\/\/api.w.org\/{rel}","templated":true}]}}